{"id":603,"date":"2021-09-28T15:49:00","date_gmt":"2021-09-28T13:49:00","guid":{"rendered":"http:\/\/simoncommunications.be\/?page_id=603"},"modified":"2023-07-18T14:29:12","modified_gmt":"2023-07-18T12:29:12","slug":"lab-by-simon-communications","status":"publish","type":"page","link":"https:\/\/simoncommunications.be\/index.php\/lab-by-simon-communications\/","title":{"rendered":"LAB By Simon Communications"},"content":{"rendered":"<div data-colibri-id=\"603-c1\" class=\"style-614 style-local-603-c1 position-relative\">\n  <!---->\n  <div data-colibri-component=\"section\" data-colibri-id=\"603-c2\" id=\"custom\" class=\"h-section h-section-global-spacing d-flex align-items-lg-center align-items-md-center align-items-center style-615 style-local-603-c2 position-relative\">\n    <!---->\n    <!---->\n    <div class=\"h-section-grid-container h-section-boxed-container\">\n      <!---->\n      <div data-colibri-id=\"603-c3\" class=\"h-row-container gutters-row-lg-2 gutters-row-md-2 gutters-row-0 gutters-row-v-lg-2 gutters-row-v-md-2 gutters-row-v-2 style-616 style-local-603-c3 position-relative\">\n        <!---->\n        <div class=\"h-row justify-content-lg-center justify-content-md-center justify-content-center align-items-lg-stretch align-items-md-stretch align-items-stretch gutters-col-lg-2 gutters-col-md-2 gutters-col-0 gutters-col-v-lg-2 gutters-col-v-md-2 gutters-col-v-2\">\n          <!---->\n          <div class=\"h-column h-column-container d-flex h-col-lg-auto h-col-md-auto h-col-auto style-617-outer style-local-603-c4-outer\">\n            <div data-colibri-id=\"603-c4\" class=\"d-flex h-flex-basis h-column__inner h-px-lg-2 h-px-md-2 h-px-2 v-inner-lg-2 v-inner-md-2 v-inner-2 style-617 style-local-603-c4 position-relative\">\n              <!---->\n              <!---->\n              <div class=\"w-100 h-y-container h-column__content h-column__v-align flex-basis-100 align-self-lg-start align-self-md-start align-self-start\">\n                <!---->\n                <div data-colibri-id=\"603-c5\" class=\"d-block style-626 style-local-603-c5 position-relative h-element\">\n                  <!---->\n                  <div class=\"h-image__frame-container-outer\">\n                    <div class=\"h-image__frame-container\">\n                      <!---->\n                      <!---->\n                      <img loading=\"lazy\" decoding=\"async\" width=\"1310\" height=\"599\" src=\"http:\/\/simoncommunications.be\/wp-content\/uploads\/2021\/09\/LOGOLAB.jpg\" class=\"wp-image-609 style-626-image style-local-603-c5-image\" alt=\"\" srcset=\"https:\/\/simoncommunications.be\/wp-content\/uploads\/2021\/09\/LOGOLAB.jpg 1310w, https:\/\/simoncommunications.be\/wp-content\/uploads\/2021\/09\/LOGOLAB-300x137.jpg 300w, https:\/\/simoncommunications.be\/wp-content\/uploads\/2021\/09\/LOGOLAB-768x351.jpg 768w, https:\/\/simoncommunications.be\/wp-content\/uploads\/2021\/09\/LOGOLAB-1024x468.jpg 1024w\" sizes=\"auto, (max-width: 1310px) 100vw, 1310px\" \/>\n                      <div class=\"h-image__frame h-hide-lg h-hide-md h-hide-sm style-626-frameImage style-local-603-c5-frameImage\"><\/div>\n                    <\/div>\n                  <\/div>\n                <\/div>\n              <\/div>\n            <\/div>\n          <\/div>\n        <\/div>\n      <\/div>\n      <div data-colibri-id=\"603-c6\" class=\"h-row-container gutters-row-lg-2 gutters-row-md-2 gutters-row-0 gutters-row-v-lg-2 gutters-row-v-md-2 gutters-row-v-2 style-656 style-local-603-c6 position-relative\">\n        <!---->\n        <div class=\"h-row justify-content-lg-center justify-content-md-center justify-content-center align-items-lg-stretch align-items-md-stretch align-items-stretch gutters-col-lg-2 gutters-col-md-2 gutters-col-0 gutters-col-v-lg-2 gutters-col-v-md-2 gutters-col-v-2\">\n          <!---->\n          <div class=\"h-column h-column-container d-flex h-col-lg-auto h-col-md-auto h-col-auto style-657-outer style-local-603-c7-outer\">\n            <div data-colibri-id=\"603-c7\" class=\"d-flex h-flex-basis h-column__inner h-px-lg-2 h-px-md-2 h-px-2 v-inner-lg-2 v-inner-md-2 v-inner-2 style-657 style-local-603-c7 position-relative\">\n              <!---->\n              <!---->\n              <div class=\"w-100 h-y-container h-column__content h-column__v-align flex-basis-100 align-self-lg-start align-self-md-start align-self-start\">\n                <!---->\n                <div data-colibri-id=\"603-c8\" class=\"h-text h-text-component style-658 style-local-603-c8 position-relative h-element\">\n                  <!---->\n                  <!---->\n                  <div class=\"\">\n                    <p>Le laboratoire d&#8217;exp\u00e9rience de Simon Communications.<\/p>\n                  <\/div>\n                <\/div>\n              <\/div>\n            <\/div>\n          <\/div>\n        <\/div>\n      <\/div>\n      <div data-colibri-id=\"603-c9\" class=\"h-row-container gutters-row-lg-2 gutters-row-md-2 gutters-row-0 gutters-row-v-lg-2 gutters-row-v-md-2 gutters-row-v-2 style-659 style-local-603-c9 position-relative\">\n        <!---->\n        <div class=\"h-row justify-content-lg-center justify-content-md-center justify-content-center align-items-lg-stretch align-items-md-stretch align-items-stretch gutters-col-lg-2 gutters-col-md-2 gutters-col-0 gutters-col-v-lg-2 gutters-col-v-md-2 gutters-col-v-2\">\n          <!---->\n          <div class=\"h-column h-column-container d-flex h-col-lg-auto h-col-md-auto h-col-auto style-660-outer style-local-603-c10-outer\">\n            <div data-colibri-id=\"603-c10\" class=\"d-flex h-flex-basis h-column__inner h-px-lg-2 h-px-md-2 h-px-2 v-inner-lg-2 v-inner-md-2 v-inner-2 style-660 style-local-603-c10 position-relative\">\n              <!---->\n              <!---->\n              <div class=\"w-100 h-y-container h-column__content h-column__v-align flex-basis-100 align-self-lg-start align-self-md-start align-self-start\">\n                <!---->\n                <div data-colibri-id=\"603-c11\" class=\"h-text h-text-component style-661 style-local-603-c11 position-relative h-element\">\n                  <!---->\n                  <!---->\n                  <div class=\"\">\n                    <p>L&#8217;objectif premier du LAB est de r\u00e9duire l&#8217;emprunte carbone de SimonCommunications\n                      <br>Le LAB \u00e0 aussi comme vocation, de pr\u00e9senter des nouveaux produits en version BETA \u00e0 nos clients.&nbsp;<\/p>\n                  <\/div>\n                <\/div>\n              <\/div>\n            <\/div>\n          <\/div>\n        <\/div>\n      <\/div>\n    <\/div>\n  <\/div>\n  <div data-colibri-component=\"section\" data-colibri-id=\"603-c12\" id=\"overlappable\" class=\"h-section h-section-global-spacing d-flex align-items-lg-center align-items-md-center align-items-center style-618 style-local-603-c12 position-relative\">\n    <!---->\n    <!---->\n    <div class=\"h-section-grid-container h-section-boxed-container\">\n      <!---->\n      <div data-colibri-id=\"603-c13\" class=\"h-row-container gutters-row-lg-0 gutters-row-md-0 gutters-row-2 gutters-row-v-lg-0 gutters-row-v-md-0 gutters-row-v-2 style-619 style-local-603-c13 position-relative\">\n        <!---->\n        <div class=\"h-row justify-content-lg-center justify-content-md-center justify-content-center align-items-lg-stretch align-items-md-stretch align-items-stretch gutters-col-lg-0 gutters-col-md-0 gutters-col-2 gutters-col-v-lg-0 gutters-col-v-md-0 gutters-col-v-2\">\n          <!---->\n          <div class=\"h-column h-column-container d-flex h-col-lg-4 h-col-md-4 h-col-12 style-620-outer style-local-603-c14-outer\">\n            <div data-colibri-id=\"603-c14\" class=\"d-flex h-flex-basis h-column__inner h-px-lg-3 h-px-md-3 h-px-2 v-inner-lg-3 v-inner-md-3 v-inner-2 style-620 style-local-603-c14 position-relative\">\n              <!---->\n              <!---->\n              <div class=\"w-100 h-y-container h-column__content h-column__v-align flex-basis-100 align-self-lg-start align-self-md-start align-self-start\">\n                <!---->\n                <div data-colibri-id=\"603-c15\" class=\"h-icon style-621 style-local-603-c15 position-relative h-element\">\n                  <!----><span class=\"h-svg-icon h-icon__icon style-621-icon style-local-603-c15-icon\"><!--Icon by Font Awesome (https:\/\/fontawesome.com)--><svg version=\"1.1\" xmlns=\"http:\/\/www.w3.org\/2000\/svg\" xmlns:xlink=\"http:\/\/www.w3.org\/1999\/xlink\" id=\"stethoscope\" viewBox=\"0 0 1408 1896.0833\"><path d=\"M1280 704q0-26-19-45t-45-19-45 19-19 45 19 45 45 19 45-19 19-45zm128 0q0 62-35.5 111t-92.5 70v395q0 159-131.5 271.5T832 1664t-316.5-112.5T384 1280v-132q-164-20-274-128T0 768V256q0-26 19-45t45-19q6 0 16 2 17-30 47-48t65-18q53 0 90.5 37.5T320 256t-37.5 90.5T192 384q-33 0-64-18v402q0 106 94 181t226 75 226-75 94-181V366q-31 18-64 18-53 0-90.5-37.5T576 256t37.5-90.5T704 128q35 0 65 18t47 48q10-2 16-2 26 0 45 19t19 45v512q0 144-110 252t-274 128v132q0 106 94 181t226 75 226-75 94-181V885q-57-21-92.5-70T1024 704q0-80 56-136t136-56 136 56 56 136z\"><\/path><\/svg><\/span><\/div>\n                <div\n                  data-colibri-id=\"603-c16\" class=\"h-global-transition-all h-heading style-622 style-local-603-c16 position-relative h-element\">\n                  <!---->\n                  <div class=\"h-heading__outer style-622 style-local-603-c16\">\n                    <!---->\n                    <!---->\n                    <h5 class=\"\">ANALYSEs &amp; recherches<\/h5>\n                  <\/div>\n              <\/div>\n              <div data-colibri-id=\"603-c17\" class=\"h-text h-text-component style-623 style-local-603-c17 position-relative h-element\">\n                <!---->\n                <!---->\n                <div class=\"\">\n                  <p>Nous analysons et recherchons continuellement de nouvelles solutions&nbsp; <\/p>\n                <\/div>\n              <\/div>\n            <\/div>\n          <\/div>\n        <\/div>\n        <div class=\"h-column h-column-container d-flex h-col-lg-4 h-col-md-4 h-col-12 style-620-outer style-local-603-c18-outer\">\n          <div data-colibri-id=\"603-c18\" class=\"d-flex h-flex-basis h-column__inner h-px-lg-3 h-px-md-3 h-px-2 v-inner-lg-3 v-inner-md-3 v-inner-2 style-620 style-local-603-c18 position-relative\">\n            <!---->\n            <!---->\n            <div class=\"w-100 h-y-container h-column__content h-column__v-align flex-basis-100 align-self-lg-start align-self-md-start align-self-start\">\n              <!---->\n              <div data-colibri-id=\"603-c19\" class=\"h-icon style-621 style-local-603-c19 position-relative h-element\">\n                <!----><span class=\"h-svg-icon h-icon__icon style-621-icon style-local-603-c19-icon\"><!--Icon by Font Awesome (https:\/\/fontawesome.com)--><svg version=\"1.1\" xmlns=\"http:\/\/www.w3.org\/2000\/svg\" xmlns:xlink=\"http:\/\/www.w3.org\/1999\/xlink\" id=\"comments\" viewBox=\"0 0 1792 1896.0833\"><path d=\"M1408 768q0 139-94 257t-256.5 186.5T704 1280q-86 0-176-16-124 88-278 128-36 9-86 16h-3q-11 0-20.5-8t-11.5-21q-1-3-1-6.5t.5-6.5 2-6l2.5-5 3.5-5.5 4-5 4.5-5 4-4.5q5-6 23-25t26-29.5 22.5-29 25-38.5 20.5-44q-124-72-195-177T0 768q0-139 94-257t256.5-186.5T704 256t353.5 68.5T1314 511t94 257zm384 256q0 120-71 224.5T1526 1425q10 24 20.5 44t25 38.5 22.5 29 26 29.5 23 25q1 1 4 4.5t4.5 5 4 5 3.5 5.5l2.5 5 2 6 .5 6.5-1 6.5q-3 14-13 22t-22 7q-50-7-86-16-154-40-278-128-90 16-176 16-271 0-472-132 58 4 88 4 161 0 309-45t264-129q125-92 192-212t67-254q0-77-23-152 129 71 204 178t75 230z\"><\/path><\/svg><\/span><\/div>\n              <div\n                data-colibri-id=\"603-c20\" class=\"h-global-transition-all h-heading style-622 style-local-603-c20 position-relative h-element\">\n                <!---->\n                <div class=\"h-heading__outer style-622 style-local-603-c20\">\n                  <!---->\n                  <!---->\n                  <h5 class=\"\">DISCUSSIONS<\/h5>\n                <\/div>\n            <\/div>\n            <div data-colibri-id=\"603-c21\" class=\"h-text h-text-component style-623 style-local-603-c21 position-relative h-element\">\n              <!---->\n              <!---->\n              <div class=\"\">\n                <p>Nous rencontrons des chercheurs du monde entier pour trouver des solutions <\/p>\n              <\/div>\n            <\/div>\n          <\/div>\n        <\/div>\n      <\/div>\n      <div class=\"h-column h-column-container d-flex h-col-lg-4 h-col-md-4 h-col-12 style-620-outer style-local-603-c22-outer\">\n        <div data-colibri-id=\"603-c22\" class=\"d-flex h-flex-basis h-column__inner h-px-lg-3 h-px-md-3 h-px-2 v-inner-lg-3 v-inner-md-3 v-inner-2 style-620 style-local-603-c22 position-relative\">\n          <!---->\n          <!---->\n          <div class=\"w-100 h-y-container h-column__content h-column__v-align flex-basis-100 align-self-lg-start align-self-md-start align-self-start\">\n            <!---->\n            <div data-colibri-id=\"603-c23\" class=\"h-icon style-621 style-local-603-c23 position-relative h-element\">\n              <!----><span class=\"h-svg-icon h-icon__icon style-621-icon style-local-603-c23-icon\"><!--Icon by Font Awesome (https:\/\/fontawesome.com)--><svg version=\"1.1\" xmlns=\"http:\/\/www.w3.org\/2000\/svg\" xmlns:xlink=\"http:\/\/www.w3.org\/1999\/xlink\" id=\"send\" viewBox=\"0 0 1792.0013 1896.0833\"><path d=\"M1764 11q33 24 27 64l-256 1536q-5 29-32 45-14 8-31 8-11 0-24-5l-453-185-242 295q-18 23-49 23-13 0-22-4-19-7-30.5-23.5T640 1728v-349l864-1059-1069 925-395-162q-37-14-40-55-2-40 32-59L1696 9q15-9 32-9 20 0 36 11z\"><\/path><\/svg><\/span><\/div>\n            <div\n              data-colibri-id=\"603-c24\" class=\"h-global-transition-all h-heading style-622 style-local-603-c24 position-relative h-element\">\n              <!---->\n              <div class=\"h-heading__outer style-622 style-local-603-c24\">\n                <!---->\n                <!---->\n                <h5 class=\"\">TESTS<\/h5>\n              <\/div>\n          <\/div>\n          <div data-colibri-id=\"603-c25\" class=\"h-text h-text-component style-623 style-local-603-c25 position-relative h-element\">\n            <!---->\n            <!---->\n            <div class=\"\">\n              <p>Nous testons les nouvelles technologies en interne et avec nos clients qui le souhaitent. <\/p>\n              <p>\n                <br>\n              <\/p>\n            <\/div>\n          <\/div>\n        <\/div>\n      <\/div>\n    <\/div>\n  <\/div>\n<\/div>\n<\/div>\n<\/div>\n<div data-colibri-component=\"section\" data-colibri-id=\"603-c26\" id=\"custom-2\" class=\"h-section h-section-global-spacing d-flex align-items-lg-center align-items-md-center align-items-center style-627 style-local-603-c26 position-relative\">\n  <!---->\n  <!---->\n  <div class=\"h-section-grid-container h-section-boxed-container\">\n    <!---->\n    <div data-colibri-id=\"603-c27\" class=\"h-row-container gutters-row-lg-2 gutters-row-md-2 gutters-row-0 gutters-row-v-lg-2 gutters-row-v-md-2 gutters-row-v-2 style-628 style-local-603-c27 position-relative\">\n      <!---->\n      <div class=\"h-row justify-content-lg-center justify-content-md-center justify-content-center align-items-lg-stretch align-items-md-stretch align-items-stretch gutters-col-lg-2 gutters-col-md-2 gutters-col-0 gutters-col-v-lg-2 gutters-col-v-md-2 gutters-col-v-2\">\n        <!---->\n        <div class=\"h-column h-column-container d-flex h-col-lg-auto h-col-md-auto h-col-auto style-629-outer style-local-603-c28-outer\">\n          <div data-colibri-id=\"603-c28\" class=\"d-flex h-flex-basis h-column__inner h-px-lg-2 h-px-md-2 h-px-2 v-inner-lg-2 v-inner-md-2 v-inner-2 style-629 style-local-603-c28 position-relative\">\n            <!---->\n            <!---->\n            <div class=\"w-100 h-y-container h-column__content h-column__v-align flex-basis-100 align-self-lg-start align-self-md-start align-self-start\">\n              <!---->\n              <div data-colibri-id=\"603-c29\" class=\"h-global-transition-all h-heading style-631 style-local-603-c29 position-relative h-element\">\n                <!---->\n                <div class=\"h-heading__outer style-631 style-local-603-c29\">\n                  <!---->\n                  <!---->\n                  <h1 class=\"\">A propos du LAB&nbsp;<\/h1>\n                <\/div>\n              <\/div>\n            <\/div>\n          <\/div>\n        <\/div>\n        <div class=\"h-column h-column-container d-flex h-col-lg-auto h-col-md-auto h-col-auto style-630-outer style-local-603-c31-outer\">\n          <div data-colibri-id=\"603-c31\" class=\"d-flex h-flex-basis h-column__inner h-px-lg-2 h-px-md-2 h-px-2 v-inner-lg-2 v-inner-md-2 v-inner-2 style-630 style-local-603-c31 position-relative\">\n            <!---->\n            <!---->\n            <div class=\"w-100 h-y-container h-column__content h-column__v-align flex-basis-100 align-self-lg-start align-self-md-start align-self-start\">\n              <!---->\n              <div data-colibri-id=\"603-c32\" class=\"h-text h-text-component style-632 style-local-603-c32 position-relative h-element\">\n                <!---->\n                <!---->\n                <div class=\"\">\n                  <p>LAB By Simon Communications, notre d\u00e9partement d\u00e9di\u00e9 \u00e0 l&#8217;Analyse &amp; Recherches.\n                    <br>\n                    <br>Chez nous, l&#8217;innovation et la durabilit\u00e9 sont au c\u0153ur de notre mission. Nous sommes engag\u00e9s \u00e0 devenir neutres en carbone d&#8217;ici 2025, en adoptant des pratiques \u00e9co-responsables dans tous les aspects de notre travail, y compris l&#8217;h\u00e9bergement\n                    de notre site internet.<\/p>\n                  <p>Notre LAB est un v\u00e9ritable creuset d&#8217;id\u00e9es novatrices, o\u00f9 nous explorons en permanence de nouvelles technologies. Notre \u00e9quipe passionn\u00e9e de chercheurs et d&#8217;experts est constamment \u00e0 l&#8217;aff\u00fbt des derni\u00e8res avanc\u00e9es, que ce soit dans les\n                    domaines de la communication, de l&#8217;analyse de donn\u00e9es ou des tendances \u00e9mergentes.<\/p>\n                  <p>Nous croyons fermement que le progr\u00e8s technologique ne devrait pas \u00eatre r\u00e9serv\u00e9 \u00e0 quelques-uns. C&#8217;est pourquoi nous mettons tout en \u0153uvre pour partager les fruits de nos recherches avec nos clients, afin de les aider \u00e0 prosp\u00e9rer dans\n                    un monde en constante \u00e9volution. Que vous souhaitiez am\u00e9liorer votre strat\u00e9gie de communication, optimiser vos processus analytiques ou d\u00e9couvrir de nouvelles opportunit\u00e9s, nous sommes l\u00e0 pour vous accompagner.<\/p>\n                  <p>Rejoignez-nous dans cette aventure passionnante, o\u00f9 l&#8217;innovation et la durabilit\u00e9 se rejoignent pour fa\u00e7onner un avenir prometteur. Ensemble, nous pouvons repousser les limites de la technologie tout en pr\u00e9servant notre plan\u00e8te.<\/p>\n                  <p>\n                    <br>\n                  <\/p>\n                <\/div>\n              <\/div>\n            <\/div>\n          <\/div>\n        <\/div>\n      <\/div>\n    <\/div>\n  <\/div>\n<\/div>\n<\/div>","protected":false},"excerpt":{"rendered":"<p>Le laboratoire d&#8217;exp\u00e9rience de Simon Communications. L&#8217;objectif premier du LAB est de r\u00e9duire l&#8217;emprunte carbone de SimonCommunications Le LAB \u00e0 aussi comme vocation, de pr\u00e9senter des nouveaux produits en version BETA \u00e0 nos clients.&nbsp; ANALYSEs &amp; recherches Nous analysons et recherchons continuellement de nouvelles solutions&nbsp; DISCUSSIONS Nous rencontrons des chercheurs du monde entier pour trouver [&hellip;]<\/p>\n","protected":false},"author":1,"featured_media":0,"parent":0,"menu_order":0,"comment_status":"closed","ping_status":"closed","template":"page-templates\/full-width-page.php","meta":{"_acf_changed":false,"footnotes":""},"class_list":["post-603","page","type-page","status-publish","hentry"],"acf":[],"_links":{"self":[{"href":"https:\/\/simoncommunications.be\/index.php\/wp-json\/wp\/v2\/pages\/603","targetHints":{"allow":["GET"]}}],"collection":[{"href":"https:\/\/simoncommunications.be\/index.php\/wp-json\/wp\/v2\/pages"}],"about":[{"href":"https:\/\/simoncommunications.be\/index.php\/wp-json\/wp\/v2\/types\/page"}],"author":[{"embeddable":true,"href":"https:\/\/simoncommunications.be\/index.php\/wp-json\/wp\/v2\/users\/1"}],"replies":[{"embeddable":true,"href":"https:\/\/simoncommunications.be\/index.php\/wp-json\/wp\/v2\/comments?post=603"}],"version-history":[{"count":5,"href":"https:\/\/simoncommunications.be\/index.php\/wp-json\/wp\/v2\/pages\/603\/revisions"}],"predecessor-version":[{"id":1674,"href":"https:\/\/simoncommunications.be\/index.php\/wp-json\/wp\/v2\/pages\/603\/revisions\/1674"}],"wp:attachment":[{"href":"https:\/\/simoncommunications.be\/index.php\/wp-json\/wp\/v2\/media?parent=603"}],"curies":[{"name":"wp","href":"https:\/\/api.w.org\/{rel}","templated":true}]}}