{"id":510,"date":"2021-05-28T15:12:21","date_gmt":"2021-05-28T13:12:21","guid":{"rendered":"http:\/\/simoncommunications.be\/?page_id=510"},"modified":"2022-01-05T21:42:48","modified_gmt":"2022-01-05T20:42:48","slug":"news","status":"publish","type":"page","link":"https:\/\/simoncommunications.be\/index.php\/news\/","title":{"rendered":"News"},"content":{"rendered":"<div data-colibri-id=\"510-c1\" class=\"style-592 style-local-510-c1 position-relative\">\n  <!---->\n  <div data-colibri-component=\"section\" data-colibri-id=\"510-c2\" id=\"custom\" class=\"h-section h-section-global-spacing d-flex align-items-lg-center align-items-md-center align-items-center style-594 style-local-510-c2 position-relative\">\n    <!---->\n    <!---->\n    <div class=\"h-section-grid-container h-section-boxed-container\">\n      <!---->\n      <div data-colibri-id=\"510-c29\" class=\"h-row-container gutters-row-lg-2 gutters-row-md-2 gutters-row-0 gutters-row-v-lg-2 gutters-row-v-md-2 gutters-row-v-2 style-772 style-local-510-c29 position-relative\">\n        <!---->\n        <div class=\"h-row justify-content-lg-center justify-content-md-center justify-content-center align-items-lg-stretch align-items-md-stretch align-items-stretch gutters-col-lg-2 gutters-col-md-2 gutters-col-0 gutters-col-v-lg-2 gutters-col-v-md-2 gutters-col-v-2\">\n          <!---->\n          <div class=\"h-column h-column-container d-flex h-col-lg-auto h-col-md-auto h-col-auto style-773-outer style-local-510-c30-outer\">\n            <div data-colibri-id=\"510-c30\" class=\"d-flex h-flex-basis h-column__inner h-px-lg-2 h-px-md-2 h-px-2 v-inner-lg-2 v-inner-md-2 v-inner-2 style-773 style-local-510-c30 position-relative\">\n              <!---->\n              <!---->\n              <div class=\"w-100 h-y-container h-column__content h-column__v-align flex-basis-100 align-self-lg-start align-self-md-start align-self-start\">\n                <!---->\n                <div data-colibri-id=\"510-c31\" class=\"d-block style-774 style-local-510-c31 position-relative h-element\">\n                  <!---->\n                  <div class=\"h-image__frame-container-outer\">\n                    <div class=\"h-image__frame-container\">\n                      <!---->\n                      <!---->\n                      <img loading=\"lazy\" decoding=\"async\" width=\"963\" height=\"1080\" src=\"http:\/\/simoncommunications.be\/wp-content\/uploads\/2021\/05\/cropped-Plan-de-travail-2.png\" class=\"wp-image-764 style-774-image style-local-510-c31-image\" alt=\"\" srcset=\"https:\/\/simoncommunications.be\/wp-content\/uploads\/2021\/05\/cropped-Plan-de-travail-2.png 963w, https:\/\/simoncommunications.be\/wp-content\/uploads\/2021\/05\/cropped-Plan-de-travail-2-268x300.png 268w, https:\/\/simoncommunications.be\/wp-content\/uploads\/2021\/05\/cropped-Plan-de-travail-2-768x861.png 768w, https:\/\/simoncommunications.be\/wp-content\/uploads\/2021\/05\/cropped-Plan-de-travail-2-913x1024.png 913w\" sizes=\"auto, (max-width: 963px) 100vw, 963px\" \/>\n                      <div class=\"h-image__frame h-hide-lg h-hide-md h-hide-sm style-774-frameImage style-local-510-c31-frameImage\"><\/div>\n                    <\/div>\n                  <\/div>\n                <\/div>\n              <\/div>\n            <\/div>\n          <\/div>\n        <\/div>\n      <\/div>\n      <div data-colibri-id=\"510-c3\" class=\"h-row-container gutters-row-lg-2 gutters-row-md-2 gutters-row-0 gutters-row-v-lg-2 gutters-row-v-md-2 gutters-row-v-2 style-595 style-local-510-c3 position-relative\">\n        <!---->\n        <div class=\"h-row justify-content-lg-center justify-content-md-center justify-content-center align-items-lg-stretch align-items-md-stretch align-items-stretch gutters-col-lg-2 gutters-col-md-2 gutters-col-0 gutters-col-v-lg-2 gutters-col-v-md-2 gutters-col-v-2\">\n          <!---->\n          <div class=\"h-column h-column-container d-flex h-col-lg-auto h-col-md-auto h-col-auto style-596-outer style-local-510-c4-outer\">\n            <div data-colibri-id=\"510-c4\" class=\"d-flex h-flex-basis h-column__inner h-px-lg-2 h-px-md-2 h-px-2 v-inner-lg-2 v-inner-md-2 v-inner-2 style-596 style-local-510-c4 position-relative\">\n              <!---->\n              <!---->\n              <div class=\"w-100 h-y-container h-column__content h-column__v-align flex-basis-100 align-self-lg-start align-self-md-start align-self-start\">\n                <!---->\n                <div data-colibri-id=\"510-c6\" class=\"h-text h-text-component style-597 style-local-510-c6 position-relative h-element\">\n                  <!---->\n                  <!---->\n                  <div class=\"\">\n                    <p>Depuis plus de 6 ans, <em>Simon Communications<\/em> est actif dans le domaine de la communication visuelle et graphique. Le point fort d\u00e9velopp\u00e9 par <em>Simon Communications<\/em> est de fournir une solution \u00ab&nbsp;ALL-IN&nbsp;\u00bb aux\n                      clients, en ne passant que par un seul interm\u00e9diaire.&nbsp;Pour offrir ces solutions aux clients, <em>Simon Communications<\/em> a cr\u00e9\u00e9 diff\u00e9rents partenariats durables.<\/p>\n                    <p><em>Simon Communications<\/em> repose sur une vision de long terme qui valorise le savoir-faire. Il est le moteur de la cr\u00e9ativit\u00e9 et de la r\u00e9ussite de l\u2019entreprise.&nbsp;<\/p>\n                    <p>Depuis le d\u00e9but de l\u2019ann\u00e9e 2020, nous avons d\u00fb repenser nos services. Avec la crise sanitaire que nous traversons, nous avons constat\u00e9 que l\u2019offre site internet \u00e9tait en diminution d\u00fb au prix et que l\u2019investissement \u00e9tait trop important\n                      pour nos clients.&nbsp;<\/p>\n                    <p>Une nouvelle identit\u00e9 a \u00e9t\u00e9 cr\u00e9\u00e9e : <em>One Web<\/em>. Cette soci\u00e9t\u00e9, ind\u00e9pendante de Simon Communications, h\u00e9rite du savoir-faire qui la valorise. <em>One Web<\/em> permet d\u2019offrir \u00e0 tous (ind\u00e9pendants, start-ups et petites soci\u00e9t\u00e9s)\n                      la cr\u00e9ation d\u2019un site internet \u00e0 prix mensuel.<\/p>\n                    <p><em>One Web<\/em> offre une solution de conception de site internet moins co\u00fbteuse que celles d\u00e9j\u00e0 pr\u00e9sentes sur le march\u00e9.&nbsp;<em>One Web<\/em> s\u2019adresse principalement \u00e0 toutes les entreprises de type PME qui ont besoin de visibilit\u00e9\n                      autant sur internet que sur les r\u00e9seaux sociaux.&nbsp;Notre nouvelle identit\u00e9 permet aussi de supporter les jeunes start-ups dans la cr\u00e9ation de site web, e-shop et r\u00e9seaux sociaux \u00e0 des prix tr\u00e8s attractifs. <em>One Web<\/em> offre\n                      diff\u00e9rents types de pack en fonction de la demande du client :&nbsp;<\/p>\n                    <p>Nous continuons \u00e0 travailler avec des partenaires de confiance pour la r\u00e9alisons de produits tels que des cartes de visite, roll-up, lettrages\u2026<\/p>\n                    <p>\n                      <br>\n                    <\/p>\n                  <\/div>\n                <\/div>\n              <\/div>\n            <\/div>\n          <\/div>\n        <\/div>\n      <\/div>\n    <\/div>\n  <\/div>\n<\/div>","protected":false},"excerpt":{"rendered":"<p>Depuis plus de 6 ans, Simon Communications est actif dans le domaine de la communication visuelle et graphique. Le point fort d\u00e9velopp\u00e9 par Simon Communications est de fournir une solution \u00ab&nbsp;ALL-IN&nbsp;\u00bb aux clients, en ne passant que par un seul interm\u00e9diaire.&nbsp;Pour offrir ces solutions aux clients, Simon Communications a cr\u00e9\u00e9 diff\u00e9rents partenariats durables. Simon Communications [&hellip;]<\/p>\n","protected":false},"author":1,"featured_media":0,"parent":0,"menu_order":0,"comment_status":"closed","ping_status":"closed","template":"page-templates\/full-width-page.php","meta":{"_acf_changed":false,"footnotes":""},"class_list":["post-510","page","type-page","status-publish","hentry"],"acf":[],"_links":{"self":[{"href":"https:\/\/simoncommunications.be\/index.php\/wp-json\/wp\/v2\/pages\/510","targetHints":{"allow":["GET"]}}],"collection":[{"href":"https:\/\/simoncommunications.be\/index.php\/wp-json\/wp\/v2\/pages"}],"about":[{"href":"https:\/\/simoncommunications.be\/index.php\/wp-json\/wp\/v2\/types\/page"}],"author":[{"embeddable":true,"href":"https:\/\/simoncommunications.be\/index.php\/wp-json\/wp\/v2\/users\/1"}],"replies":[{"embeddable":true,"href":"https:\/\/simoncommunications.be\/index.php\/wp-json\/wp\/v2\/comments?post=510"}],"version-history":[{"count":7,"href":"https:\/\/simoncommunications.be\/index.php\/wp-json\/wp\/v2\/pages\/510\/revisions"}],"predecessor-version":[{"id":766,"href":"https:\/\/simoncommunications.be\/index.php\/wp-json\/wp\/v2\/pages\/510\/revisions\/766"}],"wp:attachment":[{"href":"https:\/\/simoncommunications.be\/index.php\/wp-json\/wp\/v2\/media?parent=510"}],"curies":[{"name":"wp","href":"https:\/\/api.w.org\/{rel}","templated":true}]}}