{"id":308,"date":"2021-02-13T14:15:00","date_gmt":"2021-02-13T13:15:00","guid":{"rendered":"http:\/\/simoncommunications.be\/?page_id=308"},"modified":"2021-02-13T14:27:56","modified_gmt":"2021-02-13T13:27:56","slug":"creer-un-compte-simon-communications-assistance","status":"publish","type":"page","link":"https:\/\/simoncommunications.be\/index.php\/creer-un-compte-simon-communications-assistance\/","title":{"rendered":"Cr\u00e9er un compte Simon Communications Assistance"},"content":{"rendered":"<div data-colibri-id=\"308-c1\" class=\"style-478 style-local-308-c1 position-relative\">\n  <!---->\n  <div data-colibri-component=\"section\" data-colibri-id=\"308-c44\" id=\"contact\" class=\"h-section h-section-global-spacing d-flex align-items-lg-center align-items-md-center align-items-center style-514 style-local-308-c44 position-relative\">\n    <div class=\"background-wrapper\">\n      <div class=\"background-layer background-layer-media-container-lg\">\n        <!---->\n        <div class=\"overlay-layer\">\n          <div class=\"overlay-image-layer\" style=\"background-color: rgb(23, 37, 42); opacity: 0.5;\"><\/div>\n        <\/div>\n      <\/div>\n      <div class=\"background-layer background-layer-media-container-md\">\n        <!---->\n        <div class=\"overlay-layer\">\n          <div class=\"overlay-image-layer\" style=\"background-color: rgb(23, 37, 42); opacity: 0.5;\"><\/div>\n        <\/div>\n      <\/div>\n      <div class=\"background-layer background-layer-media-container\">\n        <!---->\n        <div class=\"overlay-layer\">\n          <div class=\"overlay-image-layer\" style=\"background-color: rgb(23, 37, 42); opacity: 0.5;\"><\/div>\n        <\/div>\n      <\/div>\n    <\/div>\n    <!---->\n    <div class=\"h-section-grid-container h-section-boxed-container\">\n      <!---->\n      <div data-colibri-id=\"308-c45\" class=\"h-row-container gutters-row-lg-2 gutters-row-md-2 gutters-row-2 gutters-row-v-lg-2 gutters-row-v-md-2 gutters-row-v-2 style-515 style-local-308-c45 position-relative\">\n        <!---->\n        <div class=\"h-row justify-content-lg-center justify-content-md-center justify-content-center align-items-lg-stretch align-items-md-stretch align-items-stretch gutters-col-lg-2 gutters-col-md-2 gutters-col-2 gutters-col-v-lg-2 gutters-col-v-md-2 gutters-col-v-2\">\n          <!---->\n          <div class=\"h-column h-column-container d-flex h-col-lg-auto h-col-md-auto h-col-auto style-516-outer style-local-308-c46-outer\">\n            <div data-colibri-id=\"308-c46\" class=\"d-flex h-flex-basis h-column__inner h-px-lg-0 h-px-md-0 h-px-0 v-inner-lg-0 v-inner-md-0 v-inner-0 style-516 style-local-308-c46 position-relative\">\n              <!---->\n              <!---->\n              <div class=\"w-100 h-y-container h-column__content h-column__v-align flex-basis-100 align-self-lg-start align-self-md-start align-self-start\">\n                <!---->\n                <div data-colibri-id=\"308-c47\" class=\"h-row-container gutters-row-lg-0 gutters-row-md-0 gutters-row-0 gutters-row-v-lg-0 gutters-row-v-md-0 gutters-row-v-0 style-517 style-local-308-c47 position-relative\">\n                  <!---->\n                  <div class=\"h-row justify-content-lg-center justify-content-md-center justify-content-center align-items-lg-stretch align-items-md-stretch align-items-stretch gutters-col-lg-0 gutters-col-md-0 gutters-col-0 gutters-col-v-lg-0 gutters-col-v-md-0 gutters-col-v-0\">\n                    <!---->\n                    <div class=\"h-column h-column-container d-flex h-col-lg-auto h-col-md-auto h-col-auto style-523-outer style-local-308-c53-outer\">\n                      <div data-colibri-id=\"308-c53\" class=\"d-flex h-flex-basis h-column__inner h-px-lg-0 h-px-md-0 h-px-0 v-inner-lg-0 v-inner-md-0 v-inner-0 style-523 style-local-308-c53 position-relative\">\n                        <!---->\n                        <!---->\n                        <div class=\"w-100 h-y-container h-column__content h-column__v-align flex-basis-100 align-self-lg-center align-self-md-center align-self-center\">\n                          <!---->\n                          <div data-colibri-id=\"308-c54\" class=\"h-contact-form__outer--forminator position-relative h-element\">\n                            <!---->\n                            <div class=\"h-global-transition-all h-global-transition h-global-transition-all h-contact-form-shortcode--no-style\"><div class=\"forminator-ui forminator-custom-form forminator-custom-form-279 forminator-design--default  forminator_ajax\" data-forminator-render=\"0\" data-form=\"forminator-module-279\"><br\/><\/div><form\n\t\t\t\tid=\"forminator-module-279\"\n\t\t\t\tclass=\"forminator-ui forminator-custom-form forminator-custom-form-279 forminator-design--default  forminator_ajax\"\n\t\t\t\tmethod=\"post\"\n\t\t\t\tdata-forminator-render=\"0\"\n\t\t\t\tdata-form-id=\"279\"\n\t\t\t\t\n\t\t\t\tdata-design=\"default\"\n\t\t\t\t\n\t\t\t\t\n\t\t\t\t\n\t\t\t\tdata-grid=\"open\"\n\t\t\t\t\n\t\t\t\t\n\t\t\t\tstyle=\"display: none;\"\n\t\t\t><div class=\"forminator-response-message forminator-error\" aria-hidden=\"true\"><\/div><div class=\"forminator-row\"><div id=\"name-1\" class=\"forminator-col forminator-col-12 \"><div class=\"forminator-field\"><label for=\"forminator-field-name-1\" class=\"forminator-label\">Nom<\/label><input type=\"text\" name=\"name-1\" value=\"\" placeholder=\"Par exemple\u00a0: \u00ab\u00a0Jacques Martin\u00a0\u00bb\" id=\"forminator-field-name-1\" class=\"forminator-input forminator-name--field\" aria-required=\"false\" \/><\/div><\/div><\/div><div class=\"forminator-row\"><div id=\"name-2\" class=\"forminator-col forminator-col-12 \"><div class=\"forminator-field\"><label for=\"forminator-field-name-2\" class=\"forminator-label\">Soci\u00e9t\u00e9<\/label><input type=\"text\" name=\"name-2\" value=\"\" placeholder=\"Soci\u00e9t\u00e9 nom\" id=\"forminator-field-name-2\" class=\"forminator-input forminator-name--field\" aria-required=\"false\" \/><\/div><\/div><\/div><div class=\"forminator-row\"><div id=\"email-1\" class=\"forminator-col forminator-col-12 \"><div class=\"forminator-field\"><label for=\"forminator-field-email-1\" class=\"forminator-label\">E-mail <span class=\"forminator-required\">*<\/span><\/label><input type=\"email\" name=\"email-1\" value=\"\" placeholder=\"Par exemple\u00a0: jacques@martin.com\" id=\"forminator-field-email-1\" class=\"forminator-input forminator-email--field\" data-required=\"true\" aria-required=\"true\" \/><\/div><\/div><\/div><div class=\"forminator-row\"><div id=\"password-1\" class=\"forminator-col forminator-col-6 \"><div class=\"forminator-field\"><label for=\"forminator-field-password-1\" class=\"forminator-label\">Mot de passe <span class=\"forminator-required\">*<\/span><\/label><input name=\"password-1\" value=\"\" placeholder=\"Saisissez votre mot de passe\" id=\"forminator-field-password-1\" class=\"forminator-input forminator-name--field\" data-required=\"true\" type=\"password\" \/><\/div><\/div><div id=\"text-1\" class=\"forminator-col forminator-col-6 \"><div class=\"forminator-field\"><label for=\"forminator-field-text-1\" class=\"forminator-label\">Nom d\u2019utilisateur <span class=\"forminator-required\">*<\/span><\/label><input type=\"text\" name=\"text-1\" value=\"\" placeholder=\"Enter username\" id=\"forminator-field-text-1\" class=\"forminator-input forminator-name--field\" data-required=\"true\" \/><\/div><\/div><\/div><div class=\"forminator-row\"><div id=\"checkbox-1\" class=\"forminator-col forminator-col-12 \"><div role=\"group\" class=\"forminator-field\" aria-labelledby=\"forminator-checkbox-group-6a05f5a717e48-label\"><h4 id=\"forminator-checkbox-group-6a05f5a717e48-label\" class=\"forminator-label\">Marque \u00e0 activer :<\/h4><label for=\"forminator-field-checkbox-1-1-6a05f5a717e48\" class=\"forminator-checkbox\" title=\"Simon Communications\"><input type=\"checkbox\" name=\"checkbox-1[]\" value=\"simon-communications\" id=\"forminator-field-checkbox-1-1-6a05f5a717e48\" data-calculation=\"0\"  \/><span class=\"forminator-checkbox-box\" aria-hidden=\"true\"><\/span><span class=\"forminator-checkbox-label\">Simon Communications<\/span><\/label><label for=\"forminator-field-checkbox-1-2-6a05f5a717e48\" class=\"forminator-checkbox\" title=\"The One Web \"><input type=\"checkbox\" name=\"checkbox-1[]\" value=\"the-one-web\" id=\"forminator-field-checkbox-1-2-6a05f5a717e48\" data-calculation=\"0\"  \/><span class=\"forminator-checkbox-box\" aria-hidden=\"true\"><\/span><span class=\"forminator-checkbox-label\">The One Web <\/span><\/label><\/div><\/div><\/div><div class=\"forminator-row\"><div id=\"checkbox-2\" class=\"forminator-col forminator-col-12 \"><div role=\"group\" class=\"forminator-field\" aria-labelledby=\"forminator-checkbox-group-6a05f5a717e7d-label\"><label for=\"forminator-field-checkbox-2-1-6a05f5a717e7d\" class=\"forminator-checkbox\" title=\"Vos donn\u00e9es personnelles seront trait\u00e9es par Simon Communications, en tant que responsable de traitement, tel que d\u00e9crit dans la D\u00e9claration de confidentialit\u00e9 , o\u00f9 vous trouverez plus d\u2019informations sur vos droits li\u00e9s \u00e0 la confidentialit\u00e9 et les moyens de nous contacter.\"><input type=\"checkbox\" name=\"checkbox-2[]\" value=\"Vos-donn\u00e9es-personnelles-seront-trait\u00e9es-par-Simon-Communications,-en-tant-que-responsable-de-traitement,-tel-que-d\u00e9crit-dans-la-D\u00e9claration-de-confidentialit\u00e9-,-o\u00f9-vous-trouverez-plus-d\u2019informations-sur-vos-droits-li\u00e9s-\u00e0-la-confidentialit\u00e9-et-les-moyens-de-nous-contacter.\" id=\"forminator-field-checkbox-2-1-6a05f5a717e7d\" data-calculation=\"0\"  \/><span class=\"forminator-checkbox-box\" aria-hidden=\"true\"><\/span><span class=\"forminator-checkbox-label\">Vos donn\u00e9es personnelles seront trait\u00e9es par Simon Communications, en tant que responsable de traitement, tel que d\u00e9crit dans la D\u00e9claration de confidentialit\u00e9 , o\u00f9 vous trouverez plus d\u2019informations sur vos droits li\u00e9s \u00e0 la confidentialit\u00e9 et les moyens de nous contacter.<\/span><\/label><\/div><\/div><\/div><input type=\"hidden\" name=\"referer_url\" value=\"\" \/><div class=\"forminator-row forminator-row-last\"><div class=\"forminator-col\"><div class=\"forminator-field\"><button class=\"forminator-button forminator-button-submit\">S&rsquo;inscrire<\/button><\/div><\/div><\/div><input type=\"hidden\" id=\"forminator_nonce\" name=\"forminator_nonce\" value=\"be0c65294f\" \/><input type=\"hidden\" name=\"_wp_http_referer\" value=\"\/index.php\/wp-json\/wp\/v2\/pages\/308\" \/><input type=\"hidden\" name=\"form_id\" value=\"279\"><input type=\"hidden\" name=\"page_id\" value=\"308\"><input type=\"hidden\" name=\"form_type\" value=\"registration\"><input type=\"hidden\" name=\"current_url\" value=\"https:\/\/simoncommunications.be\/wp-json\/wp\/v2\/pages\/308\/\"><input type=\"hidden\" name=\"render_id\" value=\"0\"><input type=\"hidden\" name=\"action\" value=\"forminator_submit_form_custom-forms\"><\/form><\/div>\n                          <\/div>\n                        <\/div>\n                      <\/div>\n                    <\/div>\n                  <\/div>\n                <\/div>\n              <\/div>\n            <\/div>\n          <\/div>\n        <\/div>\n      <\/div>\n    <\/div>\n  <\/div>\n<\/div>","protected":false},"excerpt":{"rendered":"","protected":false},"author":6,"featured_media":0,"parent":0,"menu_order":0,"comment_status":"closed","ping_status":"closed","template":"page-templates\/full-width-page.php","meta":{"_acf_changed":false,"footnotes":""},"class_list":["post-308","page","type-page","status-publish","hentry"],"acf":[],"_links":{"self":[{"href":"https:\/\/simoncommunications.be\/index.php\/wp-json\/wp\/v2\/pages\/308","targetHints":{"allow":["GET"]}}],"collection":[{"href":"https:\/\/simoncommunications.be\/index.php\/wp-json\/wp\/v2\/pages"}],"about":[{"href":"https:\/\/simoncommunications.be\/index.php\/wp-json\/wp\/v2\/types\/page"}],"author":[{"embeddable":true,"href":"https:\/\/simoncommunications.be\/index.php\/wp-json\/wp\/v2\/users\/6"}],"replies":[{"embeddable":true,"href":"https:\/\/simoncommunications.be\/index.php\/wp-json\/wp\/v2\/comments?post=308"}],"version-history":[{"count":3,"href":"https:\/\/simoncommunications.be\/index.php\/wp-json\/wp\/v2\/pages\/308\/revisions"}],"predecessor-version":[{"id":335,"href":"https:\/\/simoncommunications.be\/index.php\/wp-json\/wp\/v2\/pages\/308\/revisions\/335"}],"wp:attachment":[{"href":"https:\/\/simoncommunications.be\/index.php\/wp-json\/wp\/v2\/media?parent=308"}],"curies":[{"name":"wp","href":"https:\/\/api.w.org\/{rel}","templated":true}]}}