{"id":186,"date":"2020-11-12T16:01:25","date_gmt":"2020-11-12T15:01:25","guid":{"rendered":"http:\/\/simoncommunications.be\/index.php\/mes-tickets\/"},"modified":"2025-12-28T16:48:54","modified_gmt":"2025-12-28T15:48:54","slug":"mes-tickets","status":"publish","type":"page","link":"https:\/\/simoncommunications.be\/index.php\/mes-tickets\/","title":{"rendered":"Mes tickets"},"content":{"rendered":"<div data-colibri-id=\"186-c1\" class=\"style-454 style-local-186-c1 position-relative\">\n  <!---->\n  <div data-colibri-component=\"section\" data-colibri-id=\"186-c2\" id=\"custom\" class=\"h-section h-section-global-spacing d-flex align-items-lg-start align-items-md-start align-items-start style-824 style-local-186-c2 position-relative\">\n    <!---->\n    <!---->\n    <div class=\"h-section-grid-container h-section-boxed-container\">\n      <!---->\n      <div data-colibri-id=\"186-c6\" class=\"h-row-container gutters-row-lg-2 gutters-row-md-2 gutters-row-0 gutters-row-v-lg-2 gutters-row-v-md-2 gutters-row-v-2 style-871 style-local-186-c6 position-relative\">\n        <!---->\n        <div class=\"h-row justify-content-lg-center justify-content-md-center justify-content-center align-items-lg-stretch align-items-md-stretch align-items-stretch gutters-col-lg-2 gutters-col-md-2 gutters-col-0 gutters-col-v-lg-2 gutters-col-v-md-2 gutters-col-v-2\">\n          <!---->\n          <div class=\"h-column h-column-container d-flex h-col-lg-auto h-col-md-auto h-col-auto style-872-outer style-local-186-c7-outer\">\n            <div data-colibri-id=\"186-c7\" class=\"d-flex h-flex-basis h-column__inner h-ui-empty-state-container h-px-lg-2 h-px-md-2 h-px-2 v-inner-lg-2 v-inner-md-2 v-inner-2 style-872 style-local-186-c7 position-relative\">\n              <!---->\n              <!---->\n              <div class=\"w-100 h-y-container h-column__content h-column__v-align flex-basis-100\">\n                <!---->\n              <\/div>\n            <\/div>\n          <\/div>\n        <\/div>\n      <\/div>\n    <\/div>\n  <\/div>\n  <div data-colibri-component=\"section\" data-colibri-id=\"186-c13\" id=\"custom-2\" class=\"h-section h-section-global-spacing d-flex align-items-lg-center align-items-md-center align-items-center style-837 style-local-186-c13 position-relative\">\n    <!---->\n    <!---->\n    <div class=\"h-section-grid-container h-section-boxed-container\">\n      <!---->\n      <div data-colibri-id=\"186-c14\" class=\"h-row-container gutters-row-lg-2 gutters-row-md-2 gutters-row-0 gutters-row-v-lg-2 gutters-row-v-md-2 gutters-row-v-2 style-838 style-local-186-c14 position-relative\">\n        <!---->\n        <div class=\"h-row justify-content-lg-center justify-content-md-center justify-content-center align-items-lg-stretch align-items-md-stretch align-items-stretch gutters-col-lg-2 gutters-col-md-2 gutters-col-0 gutters-col-v-lg-2 gutters-col-v-md-2 gutters-col-v-2\">\n          <!---->\n          <div class=\"h-column h-column-container d-flex h-col-lg-auto h-col-md-auto h-col-auto style-839-outer style-local-186-c15-outer\">\n            <div data-colibri-id=\"186-c15\" class=\"d-flex h-flex-basis h-column__inner h-px-lg-2 h-px-md-2 h-px-2 v-inner-lg-2 v-inner-md-2 v-inner-2 style-839 style-local-186-c15 position-relative\">\n              <!---->\n              <!---->\n              <div class=\"w-100 h-y-container h-column__content h-column__v-align flex-basis-100 align-self-lg-start align-self-md-start align-self-start\">\n                <!---->\n                <div data-colibri-id=\"186-c16\" class=\"h-global-transition-all h-heading style-841 style-local-186-c16 position-relative h-element\">\n                  <!---->\n                  <div class=\"h-heading__outer style-841 style-local-186-c16\">\n                    <!---->\n                    <!---->\n                    <h1 class=\"\">B\u00e9n\u00e9ficiez d\u2019une assistance<\/h1>\n                  <\/div>\n                <\/div>\n                <div data-colibri-id=\"186-c17\" class=\"h-text h-text-component style-867 style-local-186-c17 position-relative h-element\">\n                  <!---->\n                  <!---->\n                  <div class=\"\">\n                    <p>https:\/\/lottiefiles.com\/72879-customer-support-help-support-agent<\/p>\n                  <\/div>\n                <\/div>\n              <\/div>\n            <\/div>\n          <\/div>\n          <div class=\"h-column h-column-container d-flex h-col-lg-auto h-col-md-auto h-col-auto style-840-outer style-local-186-c18-outer\">\n            <div data-colibri-id=\"186-c18\" class=\"d-flex h-flex-basis h-column__inner h-px-lg-2 h-px-md-2 h-px-2 v-inner-lg-2 v-inner-md-2 v-inner-2 style-840 style-local-186-c18 position-relative\">\n              <!---->\n              <!---->\n              <div class=\"w-100 h-y-container h-column__content h-column__v-align flex-basis-100 align-self-lg-start align-self-md-start align-self-start\">\n                <!---->\n                <div data-colibri-id=\"186-c19\" class=\"h-text h-text-component style-842 style-local-186-c19 position-relative h-element\">\n                  <!---->\n                  <!---->\n                  <div class=\"\">\n                    <p><span style=\"color: rgb(70, 112, 127); font-family: &quot;Open Sans&quot;; font-size: 16px;\">&nbsp;<br><br><br><br><br><br>Les produits &amp; services de Simon Communications vous permettent de b\u00e9n\u00e9ficier d\u2019une assistance technique assur\u00e9e par des experts.<\/span><\/p>\n                    <p>\n                      <br>\n                    <\/p>\n                  <\/div>\n                <\/div>\n                <div data-colibri-id=\"186-c20\" class=\"h-x-container style-835 style-local-186-c20 position-relative h-element\">\n                  <!---->\n                  <div class=\"h-x-container-inner style-dynamic-186-c20-group style-835-spacing style-local-186-c20-spacing\"><span class=\"h-button__outer style-836-outer style-local-186-c21-outer d-inline-flex h-element\"><a h-use-smooth-scroll=\"true\" href=\"#initial-content\"  data-colibri-id=\"186-c21\" class=\"d-flex w-100 align-items-center h-button justify-content-lg-center justify-content-md-center justify-content-center style-836 style-local-186-c21 position-relative\"><!----><!----> <span>Connectez-vous<\/span><\/a>\n                    <\/span>\n                  <\/div>\n                <\/div>\n              <\/div>\n            <\/div>\n          <\/div>\n        <\/div>\n      <\/div>\n    <\/div>\n  <\/div>\n  <div data-colibri-component=\"section\" data-colibri-id=\"186-c22\" id=\"cta\" class=\"h-section h-section-global-spacing d-flex align-items-lg-center align-items-md-center align-items-center style-471 style-local-186-c22 position-relative\">\n    <!---->\n    <!---->\n    <div class=\"h-section-grid-container h-section-boxed-container\">\n      <!---->\n      <div data-colibri-id=\"186-c23\" class=\"h-row-container gutters-row-lg-2 gutters-row-md-2 gutters-row-0 gutters-row-v-lg-2 gutters-row-v-md-2 gutters-row-v-2 style-472 style-local-186-c23 position-relative\">\n        <!---->\n        <div class=\"h-row justify-content-lg-center justify-content-md-center justify-content-center align-items-lg-stretch align-items-md-stretch align-items-stretch gutters-col-lg-2 gutters-col-md-2 gutters-col-0 gutters-col-v-lg-2 gutters-col-v-md-2 gutters-col-v-2\">\n          <!---->\n          <div class=\"h-column h-column-container d-flex h-col-lg h-col-md h-col-auto style-473-outer style-local-186-c24-outer\">\n            <div data-colibri-id=\"186-c24\" class=\"d-flex h-flex-basis h-column__inner h-px-lg-0 h-px-md-0 h-px-2 v-inner-lg-0 v-inner-md-0 v-inner-2 style-473 style-local-186-c24 position-relative\">\n              <!---->\n              <!---->\n              <div class=\"w-100 h-y-container h-column__content h-column__v-align flex-basis-100 align-self-lg-center align-self-md-center align-self-center\">\n                <!---->\n                <div data-colibri-id=\"186-c25\" class=\"h-global-transition-all h-heading style-474 style-local-186-c25 position-relative h-element\">\n                  <!---->\n                  <div class=\"h-heading__outer style-474 style-local-186-c25\">\n                    <!---->\n                    <!---->\n                    <h2 class=\"\">Cr\u00e9er un compte Assistance SimonCommunications<\/h2>\n                  <\/div>\n                <\/div>\n              <\/div>\n            <\/div>\n          <\/div>\n          <div class=\"h-column h-column-container d-flex h-col-lg-auto h-col-md-auto h-col-auto style-475-outer style-local-186-c26-outer\">\n            <div data-colibri-id=\"186-c26\" class=\"d-flex h-flex-basis h-column__inner h-px-lg-0 h-px-md-0 h-px-2 v-inner-lg-0 v-inner-md-0 v-inner-2 style-475 style-local-186-c26 position-relative\">\n              <!---->\n              <!---->\n              <div class=\"w-100 h-y-container h-column__content h-column__v-align flex-basis-100 align-self-lg-center align-self-md-center align-self-center\">\n                <!---->\n                <div data-colibri-id=\"186-c27\" class=\"h-x-container style-476 style-local-186-c27 position-relative h-element\">\n                  <!---->\n                  <div class=\"h-x-container-inner style-dynamic-186-c27-group style-476-spacing style-local-186-c27-spacing\"><span class=\"h-button__outer style-477-outer style-local-186-c28-outer d-inline-flex h-element\"><a h-use-smooth-scroll=\"true\" href=\"https:\/\/simoncommunications.be\/index.php\/creer-un-compte-simon-communications-assistance\/\"  data-colibri-id=\"186-c28\" class=\"d-flex w-100 align-items-center h-button justify-content-lg-center justify-content-md-center justify-content-center style-477 style-local-186-c28 position-relative\"><!----><!----> <span>Cr\u00e9er un compte <\/span><\/a>\n                    <\/span>\n                  <\/div>\n                <\/div>\n              <\/div>\n            <\/div>\n          <\/div>\n        <\/div>\n      <\/div>\n    <\/div>\n  <\/div>\n  <div data-colibri-component=\"section\" data-colibri-id=\"186-c29\" id=\"initial-content\" class=\"h-section h-section-global-spacing d-flex align-items-lg-center align-items-md-center align-items-center style-455 style-local-186-c29 position-relative\">\n    <!---->\n    <!---->\n    <div class=\"h-section-grid-container h-section-boxed-container\">\n      <!---->\n      <div data-colibri-id=\"186-c30\" class=\"h-row-container gutters-row-lg-2 gutters-row-md-2 gutters-row-0 gutters-row-v-lg-2 gutters-row-v-md-2 gutters-row-v-2 style-456 style-local-186-c30 position-relative\">\n        <!---->\n        <div class=\"h-row justify-content-lg-center justify-content-md-center justify-content-center align-items-lg-stretch align-items-md-stretch align-items-stretch gutters-col-lg-2 gutters-col-md-2 gutters-col-0 gutters-col-v-lg-2 gutters-col-v-md-2 gutters-col-v-2\">\n          <!---->\n          <div class=\"h-column h-column-container d-flex h-col-lg-auto h-col-md-auto h-col-auto style-457-outer style-local-186-c31-outer\">\n            <div data-colibri-id=\"186-c31\" class=\"d-flex h-flex-basis h-column__inner h-px-lg-2 h-px-md-2 h-px-2 v-inner-lg-2 v-inner-md-2 v-inner-2 style-457 style-local-186-c31 position-relative\">\n              <!---->\n              <!---->\n              <div class=\"w-100 h-y-container h-column__content h-column__v-align flex-basis-100 align-self-lg-start align-self-md-start align-self-start\">\n                <!---->\n                <div data-colibri-id=\"186-c32\" class=\"style-458 style-local-186-c32 position-relative h-element\">\n                  <!---->\n                  <div>\n<div class=\"wpas wpas-login-only\">\n\t\n\t<form class=\"wpas-form\" id=\"wpas_form_login\" method=\"post\" role=\"form\" action=\"https:\/\/simoncommunications.be\/index.php\/mes-tickets\/\">\n\t\t<h3>Connexion<\/h3>\n\n\t\t<div class=\"wpas-form-group\" id=\"wpas_log_wrapper\"><label for='wpas_log'>Identifiant ou e-mail<\/label><input type=\"text\" value=\"\" id='wpas_log' class='wpas-form-control' name='wpas_log' placeholder='Identifiant ou e-mail' required><\/div><input type=\"hidden\" name=\"ticket_id\" value=\"186\" \/><div class=\"wpas-form-group\" id=\"wpas_pwd_wrapper\"><label for='wpas_pwd'>Mot de passe<\/label><input type=\"password\" value=\"\" autocomplete=\"off\" id='wpas_pwd' class='wpas-form-control' name='wpas_pwd' placeholder='Mot de passe' required><\/div><input type=\"hidden\" name=\"ticket_id\" value=\"186\" \/><div class=\"wpas-form-group\" id=\"wpas_rememberme_wrapper\"><div class='wpas-checkbox'><label><input type='checkbox' name='wpas_rememberme[]' value='1' > Se souvenir de moi<\/label><\/div><\/div><input type=\"hidden\" name=\"ticket_id\" value=\"186\" \/><input type=\"hidden\" name=\"wpas-do\" value=\"login\"><input type=\"hidden\" id=\"wpas-do-nonce-login\" name=\"wpas-do-nonce\" value=\"7d68fee873\" \/><input type=\"hidden\" name=\"_wp_http_referer\" value=\"\/index.php\/wp-json\/wp\/v2\/pages\/186\" \/><input type=\"hidden\" name=\"redirect_to\" value=\"https:\/\/simoncommunications.be\/index.php\/mes-tickets\/\"><button type=\"submit\" class=\"wpas-btn wpas-btn-default\" name=\"submit\" value=\"\" data-onsubmit='Connexion en cours...'>Connexion<\/button><a href=\"https:\/\/simoncommunications.be\/wp-login.php?action=lostpassword&#038;redirect_to=https%3A%2F%2Fsimoncommunications.be%2Findex.php%2Fmes-tickets%2F\" class=\"wpas-forgot-password-link\">Mot de passe oubli\u00e9\u00a0?<\/a>\t<\/form>\n\n\t<\/div>\n<\/div>\n                <\/div>\n              <\/div>\n            <\/div>\n          <\/div>\n        <\/div>\n      <\/div>\n    <\/div>\n  <\/div>\n  <div data-colibri-component=\"section\" data-colibri-id=\"186-c33\" id=\"cta-2\" class=\"h-section h-section-global-spacing d-flex align-items-lg-center align-items-md-center align-items-center style-1098 style-local-186-c33 position-relative\">\n    <!---->\n    <!---->\n    <div class=\"h-section-grid-container h-section-boxed-container\">\n      <!---->\n      <div data-colibri-id=\"186-c34\" class=\"h-row-container gutters-row-lg-2 gutters-row-md-2 gutters-row-0 gutters-row-v-lg-2 gutters-row-v-md-2 gutters-row-v-2 style-1099 style-local-186-c34 position-relative\">\n        <!---->\n        <div class=\"h-row justify-content-lg-center justify-content-md-center justify-content-center align-items-lg-stretch align-items-md-stretch align-items-stretch gutters-col-lg-2 gutters-col-md-2 gutters-col-0 gutters-col-v-lg-2 gutters-col-v-md-2 gutters-col-v-2\">\n          <!---->\n          <div class=\"h-column h-column-container d-flex h-col-lg h-col-md h-col-auto style-1100-outer style-local-186-c35-outer\">\n            <div data-colibri-id=\"186-c35\" class=\"d-flex h-flex-basis h-column__inner h-px-lg-0 h-px-md-0 h-px-2 v-inner-lg-0 v-inner-md-0 v-inner-2 style-1100 style-local-186-c35 position-relative\">\n              <!---->\n              <!---->\n              <div class=\"w-100 h-y-container h-column__content h-column__v-align flex-basis-100 align-self-lg-center align-self-md-center align-self-center\">\n                <!---->\n                <div data-colibri-id=\"186-c36\" class=\"h-global-transition-all h-heading style-1101 style-local-186-c36 position-relative h-element\">\n                  <!---->\n                  <div class=\"h-heading__outer style-1101 style-local-186-c36\">\n                    <!---->\n                    <!---->\n                    <h2 class=\"\">\u00c9tat du syst\u00e8me<\/h2>\n                  <\/div>\n                <\/div>\n              <\/div>\n            <\/div>\n          <\/div>\n          <div class=\"h-column h-column-container d-flex h-col-lg-auto h-col-md-auto h-col-auto style-1102-outer style-local-186-c37-outer\">\n            <div data-colibri-id=\"186-c37\" class=\"d-flex h-flex-basis h-column__inner h-px-lg-0 h-px-md-0 h-px-2 v-inner-lg-0 v-inner-md-0 v-inner-2 style-1102 style-local-186-c37 position-relative\">\n              <!---->\n              <!---->\n              <div class=\"w-100 h-y-container h-column__content h-column__v-align flex-basis-auto align-self-lg-center align-self-md-center align-self-center\">\n                <!---->\n                <div data-colibri-id=\"186-c38\" class=\"h-x-container style-1103 style-local-186-c38 position-relative h-element\">\n                  <!---->\n                  <div class=\"h-x-container-inner style-dynamic-186-c38-group style-1103-spacing style-local-186-c38-spacing\"><span class=\"h-button__outer style-1104-outer style-local-186-c39-outer d-inline-flex h-element\"><a h-use-smooth-scroll=\"true\" href=\"https:\/\/simoncommunications.be\/index.php\/status\/\"  data-colibri-id=\"186-c39\" class=\"d-flex w-100 align-items-center h-button justify-content-lg-center justify-content-md-center justify-content-center style-1104 style-local-186-c39 position-relative\"><!----><!----> <span>Consuler<\/span><\/a>\n                    <\/span>\n                  <\/div>\n                <\/div>\n              <\/div>\n            <\/div>\n          <\/div>\n        <\/div>\n      <\/div>\n    <\/div>\n  <\/div>\n  <div data-colibri-component=\"section\" data-colibri-id=\"186-c40\" id=\"cta-3\" class=\"h-section h-section-global-spacing d-flex align-items-lg-center align-items-md-center align-items-center style-1481 style-local-186-c40 position-relative\">\n    <!---->\n    <!---->\n    <div class=\"h-section-grid-container h-section-boxed-container\">\n      <!---->\n      <div data-colibri-id=\"186-c41\" class=\"h-row-container gutters-row-lg-2 gutters-row-md-2 gutters-row-0 gutters-row-v-lg-2 gutters-row-v-md-2 gutters-row-v-2 style-1482 style-local-186-c41 position-relative\">\n        <!---->\n        <div class=\"h-row justify-content-lg-center justify-content-md-center justify-content-center align-items-lg-stretch align-items-md-stretch align-items-stretch gutters-col-lg-2 gutters-col-md-2 gutters-col-0 gutters-col-v-lg-2 gutters-col-v-md-2 gutters-col-v-2\">\n          <!---->\n          <div class=\"h-column h-column-container d-flex h-col-lg h-col-md h-col-auto style-1483-outer style-local-186-c42-outer\">\n            <div data-colibri-id=\"186-c42\" class=\"d-flex h-flex-basis h-column__inner h-px-lg-0 h-px-md-0 h-px-2 v-inner-lg-0 v-inner-md-0 v-inner-2 style-1483 style-local-186-c42 position-relative\">\n              <!---->\n              <!---->\n              <div class=\"w-100 h-y-container h-column__content h-column__v-align flex-basis-100 align-self-lg-center align-self-md-center align-self-center\">\n                <!---->\n                <div data-colibri-id=\"186-c43\" class=\"h-global-transition-all h-heading style-1484 style-local-186-c43 position-relative h-element\">\n                  <!---->\n                  <div class=\"h-heading__outer style-1484 style-local-186-c43\">\n                    <!---->\n                    <!---->\n                    <h2 class=\"\">Acc\u00e8s \u00e0 distance (AnyDesk)<\/h2>\n                  <\/div>\n                <\/div>\n              <\/div>\n            <\/div>\n          <\/div>\n          <div class=\"h-column h-column-container d-flex h-col-lg-auto h-col-md-auto h-col-auto style-1485-outer style-local-186-c44-outer\">\n            <div data-colibri-id=\"186-c44\" class=\"d-flex h-flex-basis h-column__inner h-px-lg-0 h-px-md-0 h-px-2 v-inner-lg-0 v-inner-md-0 v-inner-2 style-1485 style-local-186-c44 position-relative\">\n              <!---->\n              <!---->\n              <div class=\"w-100 h-y-container h-column__content h-column__v-align flex-basis-auto align-self-lg-center align-self-md-center align-self-center\">\n                <!---->\n                <div data-colibri-id=\"186-c45\" class=\"h-x-container style-1486 style-local-186-c45 position-relative h-element\">\n                  <!---->\n                  <div class=\"h-x-container-inner style-dynamic-186-c45-group style-1486-spacing style-local-186-c45-spacing\"><span class=\"h-button__outer style-1487-outer style-local-186-c46-outer d-inline-flex h-element\"><a h-use-smooth-scroll=\"true\" href=\"https:\/\/anydesk.com\/fr\/downloads\/windows\"  data-colibri-id=\"186-c46\" class=\"d-flex w-100 align-items-center h-button justify-content-lg-center justify-content-md-center justify-content-center style-1487 style-local-186-c46 position-relative\"><!----><!----> <span>T\u00e9l\u00e9charger<\/span><\/a>\n                    <\/span>\n                  <\/div>\n                <\/div>\n              <\/div>\n            <\/div>\n          <\/div>\n        <\/div>\n      <\/div>\n    <\/div>\n  <\/div>\n<\/div>","protected":false},"excerpt":{"rendered":"<p>B\u00e9n\u00e9ficiez d\u2019une assistance https:\/\/lottiefiles.com\/72879-customer-support-help-support-agent &nbsp;Les produits &amp; services de Simon Communications vous permettent de b\u00e9n\u00e9ficier d\u2019une assistance technique assur\u00e9e par des experts. Connectez-vous Cr\u00e9er un compte Assistance SimonCommunications Cr\u00e9er un compte \u00c9tat du syst\u00e8me Consuler Acc\u00e8s \u00e0 distance (AnyDesk) T\u00e9l\u00e9charger<\/p>\n","protected":false},"author":1,"featured_media":0,"parent":0,"menu_order":0,"comment_status":"closed","ping_status":"closed","template":"page-templates\/full-width-page.php","meta":{"_acf_changed":false,"footnotes":""},"class_list":["post-186","page","type-page","status-publish","hentry"],"acf":[],"_links":{"self":[{"href":"https:\/\/simoncommunications.be\/index.php\/wp-json\/wp\/v2\/pages\/186","targetHints":{"allow":["GET"]}}],"collection":[{"href":"https:\/\/simoncommunications.be\/index.php\/wp-json\/wp\/v2\/pages"}],"about":[{"href":"https:\/\/simoncommunications.be\/index.php\/wp-json\/wp\/v2\/types\/page"}],"author":[{"embeddable":true,"href":"https:\/\/simoncommunications.be\/index.php\/wp-json\/wp\/v2\/users\/1"}],"replies":[{"embeddable":true,"href":"https:\/\/simoncommunications.be\/index.php\/wp-json\/wp\/v2\/comments?post=186"}],"version-history":[{"count":20,"href":"https:\/\/simoncommunications.be\/index.php\/wp-json\/wp\/v2\/pages\/186\/revisions"}],"predecessor-version":[{"id":2239,"href":"https:\/\/simoncommunications.be\/index.php\/wp-json\/wp\/v2\/pages\/186\/revisions\/2239"}],"wp:attachment":[{"href":"https:\/\/simoncommunications.be\/index.php\/wp-json\/wp\/v2\/media?parent=186"}],"curies":[{"name":"wp","href":"https:\/\/api.w.org\/{rel}","templated":true}]}}