{"id":173,"date":"2020-10-01T18:00:01","date_gmt":"2020-10-01T16:00:01","guid":{"rendered":"http:\/\/simoncommunications.be\/?page_id=173"},"modified":"2022-12-12T21:10:47","modified_gmt":"2022-12-12T20:10:47","slug":"cookies","status":"publish","type":"page","link":"https:\/\/simoncommunications.be\/index.php\/cookies\/","title":{"rendered":"COOKIES"},"content":{"rendered":"\n<h1 class=\"wp-block-heading\">POLITIQUE D\u2019UTILISATION DES COOKIES\u00a0<\/h1>\n\n\n\n<h4 class=\"wp-block-heading\">QU&#8217;EST-CE QU&#8217;UN COOKIE ?<\/h4>\n\n\n\n<h4 class=\"wp-block-heading\">Cookies ne n\u00e9cessitant pas de consentement sur ce site web :<\/h4>\n\n\n\n<p>Un cookie est une sorte d&#8217;\u00e9tiquette num\u00e9rique qui garde en m\u00e9moire votre visite en ligne. Chaque site Internet, ou presque, a recours \u00e0 la technologie des cookies. <\/p>\n\n\n\n<p>Le cookie est t\u00e9l\u00e9charg\u00e9 par votre navigateur Internet lors de votre premi\u00e8re visite d&#8217;un site Internet. Lors de votre visite suivante du site \u00e0 partir du m\u00eame appareil, le cookie et les informations qu&#8217;il contient sont renvoy\u00e9s au site Internet d&#8217;origine (cookies d&#8217;origine) ou \u00e0 un autre site auquel il appartient (cookies tiers). Ainsi, le site Internet peut d\u00e9tecter qu&#8217;il a d\u00e9j\u00e0 \u00e9t\u00e9 ouvert \u00e0 l&#8217;aide de ce navigateur. Un cookie contiendra g\u00e9n\u00e9ralement le nom du domaine dont il provient, sa \u00ab dur\u00e9e de vie \u00bb, ainsi qu&#8217;une valeur, correspondant g\u00e9n\u00e9ralement \u00e0 un num\u00e9ro unique g\u00e9n\u00e9r\u00e9 de fa\u00e7on al\u00e9atoire. Un cookie de \u00ab session \u00bb est supprim\u00e9 d\u00e8s lors que vous fermez votre navigateur Web. Certains cookies sont extr\u00eamement utiles, car ils permettent d&#8217;am\u00e9liorer votre exp\u00e9rience en tant qu&#8217;utilisateur lorsque vous vous rendez \u00e0 nouveau sur un site Internet d\u00e9j\u00e0 visit\u00e9. Ceci suppose que vous utilisiez le m\u00eame appareil et le m\u00eame navigateur qu&#8217;auparavant ; si tel est le cas, les cookies se souviendront de vos pr\u00e9f\u00e9rences.Nous utilisons uniquement les cookies pour vous suivre en tout anonymat sur notre site. Nous pouvons ainsi vous offrir le contenu le plus adapt\u00e9 et la meilleure exp\u00e9rience utilisateur.<\/p>\n\n\n\n<p>Les cookies obligatoires, \u00e9galement appel\u00e9s \u00ab strictement n\u00e9cessaires \u00bb, activent des fonctions essentielles \u00e0 la navigation sur le site Internet. Exclusivement utilis\u00e9s par Simon Meunier Management, ces cookies sont par cons\u00e9quent appel\u00e9s cookies d\u2019origine. Ils sont uniquement conserv\u00e9s sur votre ordinateur pendant que vous naviguez sur le site Internet. Lors d\u2019un changement de page, ces cookies permettent par exemple de faciliter la redirection de pages http vers https, ce qui permet de maintenir le niveau de s\u00e9curit\u00e9 des donn\u00e9es transf\u00e9r\u00e9es. Un cookie de ce type permet en outre d\u2019enregistrer vos pr\u00e9f\u00e9rences quant \u00e0 l\u2019utilisation des cookies sur notre site. L\u2019utilisation des cookies obligatoires n\u2019est pas soumise \u00e0 votre consentement. Les cookies obligatoires ne peuvent \u00eatre d\u00e9sactiv\u00e9s via les fonctions de ce site. Vous pouvez cependant \u00e0 tout moment d\u00e9sactiver les cookies dans votre navigateur.<\/p>\n\n\n\n<p class=\"has-medium-font-size\">Qui utilise vos donn\u00e9es \u00e0 caract\u00e8re personnel ?<\/p>\n\n\n\n<p><\/p>\n\n\n\n<p>Conform\u00e9ment \u00e0 la r\u00e8glementation applicable en mati\u00e8re de protection des donn\u00e9es \u00e0 caract\u00e8re personnel, Simon Meunier Management est le \u00ab responsable du traitement \u00bb. Les termes \u00ab Simon Meunier Management\u00bb, \u00ab nous \u00bb ou \u00ab nos \u00bb que nous utilisons dans les pr\u00e9sentes d\u00e9signent la soci\u00e9t\u00e9 Simon Meunier Management\u00bb<\/p>\n\n\n\n<p><strong>\u00a0Pourquoi utilisons-nous des cookies ?<\/strong><\/p>\n\n\n\n<p>Simon Meunier Management souhaite vous informer le plus pr\u00e9cis\u00e9ment possible des r\u00e8gles entourant l\u2019utilisation des cookies et des types de cookies qu\u2019elle utilise sur son site.<\/p>\n\n\n\n<p>Les cookies aident Simon Meunier Management \u00e0 optimiser votre visite de son site internet, \u00e0 se souvenir de vos choix techniques (comme un choix de langue, une newsletter, etc.), et \u00e0 vous proposer des offres et des services toujours plus adapt\u00e9s \u00e0 vos besoins.\u00a0<\/p>\n\n\n\n<p>Pour pouvoir utiliser le site internet il est recommand\u00e9 d\u2019activer les cookies. Si les cookies sont d\u00e9sactiv\u00e9s, il est possible que nous ne soyons pas en mesure de vous garantir une visite de notre site qui soit d\u00e9nu\u00e9e de tout probl\u00e8me technique. Cependant, vous restez tout \u00e0 fait libre de d\u00e9sactiver les cookies si vous le souhaitez.<\/p>\n\n\n\n<p>Nous utilisons des cookies pour am\u00e9liorer votre visite et votre utilisation de notre site internet. Les cookies que nous utilisons sont s\u00fbrs. Les informations que nous collectons \u00e0 l\u2019aide des cookies nous aident \u00e0 identifier les \u00e9ventuelles erreurs qui se trouvent sur notre site internet et \u00e0 vous proposer des services sp\u00e9cifiques et personnalis\u00e9s dont nous pensons qu\u2019ils peuvent vous int\u00e9resser.&nbsp;<\/p>\n","protected":false},"excerpt":{"rendered":"<p>POLITIQUE D\u2019UTILISATION DES COOKIES\u00a0 QU&#8217;EST-CE QU&#8217;UN COOKIE ? Cookies ne n\u00e9cessitant pas de consentement sur ce site web : Un cookie est une sorte d&#8217;\u00e9tiquette num\u00e9rique qui garde en m\u00e9moire votre visite en ligne. Chaque site Internet, ou presque, a recours \u00e0 la technologie des cookies. Le cookie est t\u00e9l\u00e9charg\u00e9 par votre navigateur Internet lors [&hellip;]<\/p>\n","protected":false},"author":1,"featured_media":0,"parent":0,"menu_order":0,"comment_status":"closed","ping_status":"closed","template":"","meta":{"_acf_changed":false,"footnotes":""},"class_list":["post-173","page","type-page","status-publish","hentry"],"acf":[],"_links":{"self":[{"href":"https:\/\/simoncommunications.be\/index.php\/wp-json\/wp\/v2\/pages\/173","targetHints":{"allow":["GET"]}}],"collection":[{"href":"https:\/\/simoncommunications.be\/index.php\/wp-json\/wp\/v2\/pages"}],"about":[{"href":"https:\/\/simoncommunications.be\/index.php\/wp-json\/wp\/v2\/types\/page"}],"author":[{"embeddable":true,"href":"https:\/\/simoncommunications.be\/index.php\/wp-json\/wp\/v2\/users\/1"}],"replies":[{"embeddable":true,"href":"https:\/\/simoncommunications.be\/index.php\/wp-json\/wp\/v2\/comments?post=173"}],"version-history":[{"count":4,"href":"https:\/\/simoncommunications.be\/index.php\/wp-json\/wp\/v2\/pages\/173\/revisions"}],"predecessor-version":[{"id":1480,"href":"https:\/\/simoncommunications.be\/index.php\/wp-json\/wp\/v2\/pages\/173\/revisions\/1480"}],"wp:attachment":[{"href":"https:\/\/simoncommunications.be\/index.php\/wp-json\/wp\/v2\/media?parent=173"}],"curies":[{"name":"wp","href":"https:\/\/api.w.org\/{rel}","templated":true}]}}